{"id":5725,"date":"2024-04-08T11:52:56","date_gmt":"2024-04-08T09:52:56","guid":{"rendered":"https:\/\/eyeatproduction.com\/?page_id=5725"},"modified":"2025-07-08T13:33:40","modified_gmt":"2025-07-08T11:33:40","slug":"news","status":"publish","type":"page","link":"https:\/\/eyeatproduction.com\/en\/news\/","title":{"rendered":"Media and news"},"content":{"rendered":"<p><div class=\"fusion-fullwidth fullwidth-box fusion-builder-row-1 fusion-flex-container video-background has-pattern-background has-mask-background nonhundred-percent-fullwidth non-hundred-percent-height-scrolling\" style=\"--awb-background-position:center top;--awb-background-blend-mode:overlay;--awb-border-radius-top-left:0px;--awb-border-radius-top-right:0px;--awb-border-radius-bottom-right:0px;--awb-border-radius-bottom-left:0px;--awb-padding-top:198px;--awb-padding-bottom:250px;--awb-margin-top:-60px;--awb-margin-bottom:0px;--awb-background-color:rgba(11,45,82,0.6);--awb-flex-wrap:wrap;\" ><div style='opacity:0;' class='fusion-background-video-wrapper' id='video-1' data-youtube-video-id='gOhDH95yTMw' data-mute='yes' data-loop='1' data-loop-adjustment='' data-video-aspect-ratio='16:9'><div class='fusion-container-video-bg' id='video-2-inner'><\/div><\/div><div class=\"fullwidth-overlay\" style=\"background-color:rgba(11,45,82,0.6);\"><\/div><div class=\"fusion-builder-row fusion-row fusion-flex-align-items-flex-start fusion-flex-content-wrap\" style=\"max-width:104%;margin-left: calc(-4% \/ 2 );margin-right: calc(-4% \/ 2 );\"><div class=\"fusion-layout-column fusion_builder_column fusion-builder-column-0 fusion_builder_column_1_1 1_1 fusion-flex-column\" style=\"--awb-bg-size:cover;--awb-width-large:100%;--awb-margin-top-large:0px;--awb-spacing-right-large:1.92%;--awb-margin-bottom-large:0px;--awb-spacing-left-large:1.92%;--awb-width-medium:100%;--awb-order-medium:0;--awb-spacing-right-medium:1.92%;--awb-spacing-left-medium:1.92%;--awb-width-small:100%;--awb-order-small:0;--awb-spacing-right-small:1.92%;--awb-spacing-left-small:1.92%;\"><div class=\"fusion-column-wrapper fusion-column-has-shadow fusion-flex-justify-content-flex-start fusion-content-layout-column\"><div class=\"fusion-text fusion-text-1\"><h1 style=\"text-align: center;\"><span style=\"color: #ffffff;\">Media and news<\/span><\/h1>\n<\/div><div class=\"fusion-image-element\" style=\"text-align:center;--awb-margin-top:-60px;--awb-caption-title-font-family:var(--h2_typography-font-family);--awb-caption-title-font-weight:var(--h2_typography-font-weight);--awb-caption-title-font-style:var(--h2_typography-font-style);--awb-caption-title-size:var(--h2_typography-font-size);--awb-caption-title-transform:var(--h2_typography-text-transform);--awb-caption-title-line-height:var(--h2_typography-line-height);--awb-caption-title-letter-spacing:var(--h2_typography-letter-spacing);\"><span class=\"fusion-imageframe imageframe-none imageframe-1 hover-type-none\"><img decoding=\"async\" width=\"223\" height=\"72\" title=\"MIS-TM-vit\" src=\"https:\/\/eyeatproduction.com\/wp-content\/uploads\/2025\/02\/MIS-TM-vit.png\" alt class=\"img-responsive wp-image-5891\" srcset=\"https:\/\/eyeatproduction.com\/wp-content\/uploads\/2025\/02\/MIS-TM-vit-200x65.png 200w, https:\/\/eyeatproduction.com\/wp-content\/uploads\/2025\/02\/MIS-TM-vit.png 223w\" sizes=\"(max-width: 1024px) 100vw, (max-width: 640px) 100vw, 223px\" \/><\/span><\/div><\/div><\/div><\/div><\/div><div class=\"fusion-fullwidth fullwidth-box fusion-builder-row-2 fusion-flex-container has-pattern-background has-mask-background nonhundred-percent-fullwidth non-hundred-percent-height-scrolling\" style=\"--awb-border-radius-top-left:0px;--awb-border-radius-top-right:0px;--awb-border-radius-bottom-right:0px;--awb-border-radius-bottom-left:0px;--awb-margin-top:70px;--awb-flex-wrap:wrap;\" ><div class=\"fusion-builder-row fusion-row fusion-flex-align-items-flex-start fusion-flex-content-wrap\" style=\"max-width:104%;margin-left: calc(-4% \/ 2 );margin-right: calc(-4% \/ 2 );\"><div class=\"fusion-layout-column fusion_builder_column fusion-builder-column-1 fusion_builder_column_1_1 1_1 fusion-flex-column\" style=\"--awb-bg-size:cover;--awb-width-large:100%;--awb-margin-top-large:0px;--awb-spacing-right-large:1.92%;--awb-margin-bottom-large:20px;--awb-spacing-left-large:1.92%;--awb-width-medium:100%;--awb-order-medium:0;--awb-spacing-right-medium:1.92%;--awb-spacing-left-medium:1.92%;--awb-width-small:100%;--awb-order-small:0;--awb-spacing-right-small:1.92%;--awb-spacing-left-small:1.92%;\"><div class=\"fusion-column-wrapper fusion-column-has-shadow fusion-flex-justify-content-flex-start fusion-content-layout-column\"><div class=\"fusion-post-cards fusion-post-cards-1 fusion-grid-archive fusion-grid-columns-2\" style=\"--awb-dots-align:center;--awb-columns:2;--awb-active-filter-border-size:3px;--awb-filters-height:36px;\"><ul class=\"fusion-grid fusion-grid-2 fusion-flex-align-items-flex-start fusion-grid-posts-cards\"><li class=\"fusion-layout-column fusion_builder_column fusion-builder-column-2 fusion-flex-column post-card fusion-grid-column fusion-post-cards-grid-column\" style=\"--awb-bg-blend:overlay;--awb-bg-size:cover;--awb-flex-grow:0;--awb-flex-shrink:0;--awb-flex-grow-medium:0;--awb-flex-shrink-medium:0;--awb-flex-grow-small:0;--awb-flex-shrink-small:0;\"><div class=\"fusion-column-wrapper fusion-flex-justify-content-flex-start fusion-content-layout-column\"><div class=\"fusion-classic-product-image-wrapper fusion-woo-product-image fusion-post-card-image fusion-post-card-image-1 has-aspect-ratio\" data-layout=\"static\" style=\"--awb-aspect-ratio:16 \/ 9;\"><div  class=\"fusion-image-wrapper\" aria-haspopup=\"true\">\n\t\t\t\t\t\t\t<a href=\"https:\/\/eyeatproduction.com\/en\/kenthalmqvist\/\" aria-label=\"Pressmeddelande\">\n\t\t\t\t\t\t\t<img decoding=\"async\" width=\"2388\" height=\"1342\" src=\"https:\/\/eyeatproduction.com\/wp-content\/uploads\/2025\/06\/Robotbig.png\" class=\"attachment-full size-full wp-post-image\" alt=\"\" srcset=\"https:\/\/eyeatproduction.com\/wp-content\/uploads\/2025\/06\/Robotbig-200x112.png 200w, https:\/\/eyeatproduction.com\/wp-content\/uploads\/2025\/06\/Robotbig-400x225.png 400w, https:\/\/eyeatproduction.com\/wp-content\/uploads\/2025\/06\/Robotbig-600x337.png 600w, https:\/\/eyeatproduction.com\/wp-content\/uploads\/2025\/06\/Robotbig-800x450.png 800w, https:\/\/eyeatproduction.com\/wp-content\/uploads\/2025\/06\/Robotbig-1200x674.png 1200w, https:\/\/eyeatproduction.com\/wp-content\/uploads\/2025\/06\/Robotbig.png 2388w\" sizes=\"(min-width: 2200px) 100vw, (min-width: 712px) 784px, (min-width: 640px) 712px, \" \/>\t\t\t<\/a>\n\t\t\t\t\t\t\t<\/div>\n<\/div><div class=\"fusion-text fusion-text-2\" style=\"--awb-font-size:36px;--awb-text-font-family:&quot;Switzer semibold&quot;;--awb-text-font-style:normal;--awb-text-font-weight:400;\"><p>Pressmeddelande<\/p>\n<\/div><div class=\"fusion-content-tb fusion-content-tb-1\" style=\"--awb-text-color:var(--awb-color3);--awb-text-transform:none;--awb-text-font-family:&quot;Switzer regular&quot;;--awb-text-font-style:normal;--awb-text-font-weight:400;\"><p>F\u00f6re detta vd f\u00f6r OCS, Kenth Almqvist, g\u00e5r in som aff\u00e4rsutvecklare hos Eye at Production. Eye at Production i Bor\u00e5s f\u00f6rst\u00e4rker....<\/p><\/div><\/div><\/li>\n<li class=\"fusion-layout-column fusion_builder_column fusion-builder-column-3 fusion-flex-column post-card fusion-grid-column fusion-post-cards-grid-column\" style=\"--awb-bg-blend:overlay;--awb-bg-size:cover;--awb-flex-grow:0;--awb-flex-shrink:0;--awb-flex-grow-medium:0;--awb-flex-shrink-medium:0;--awb-flex-grow-small:0;--awb-flex-shrink-small:0;\"><div class=\"fusion-column-wrapper fusion-flex-justify-content-flex-start fusion-content-layout-column\"><div class=\"fusion-classic-product-image-wrapper fusion-woo-product-image fusion-post-card-image fusion-post-card-image-1 has-aspect-ratio\" data-layout=\"static\" style=\"--awb-aspect-ratio:16 \/ 9;\"><div  class=\"fusion-image-wrapper\" aria-haspopup=\"true\">\n\t\t\t\t\t\t\t<a href=\"https:\/\/eyeatproduction.com\/en\/secondmeeting\/\" aria-label=\"Eye at Production \u2013 #2 AI i industrin\">\n\t\t\t\t\t\t\t<img decoding=\"async\" width=\"1497\" height=\"1058\" src=\"https:\/\/eyeatproduction.com\/wp-content\/uploads\/2025\/09\/mis-traff2-3-pdf.jpg\" class=\"attachment-full size-full wp-post-image\" alt=\"\" \/>\t\t\t<\/a>\n\t\t\t\t\t\t\t<\/div>\n<\/div><div class=\"fusion-text fusion-text-3\" style=\"--awb-font-size:36px;--awb-text-font-family:&quot;Switzer semibold&quot;;--awb-text-font-style:normal;--awb-text-font-weight:400;\"><p>Eye at Production \u2013 #2 AI i industrin<\/p>\n<\/div><div class=\"fusion-content-tb fusion-content-tb-2\" style=\"--awb-text-color:var(--awb-color3);--awb-text-transform:none;--awb-text-font-family:&quot;Switzer regular&quot;;--awb-text-font-style:normal;--awb-text-font-weight:400;\"><p>Den andra tr\u00e4ffen i Eye at Production-n\u00e4tverket samlade industrif\u00f6retag, partners och experter p\u00e5 Jacy\u2019z i G\u00f6teborg. Den h\u00e4r g\u00e5ngen...<\/p><\/div><\/div><\/li>\n<li class=\"fusion-layout-column fusion_builder_column fusion-builder-column-4 fusion-flex-column post-card fusion-grid-column fusion-post-cards-grid-column\" style=\"--awb-bg-blend:overlay;--awb-bg-size:cover;--awb-flex-grow:0;--awb-flex-shrink:0;--awb-flex-grow-medium:0;--awb-flex-shrink-medium:0;--awb-flex-grow-small:0;--awb-flex-shrink-small:0;\"><div class=\"fusion-column-wrapper fusion-flex-justify-content-flex-start fusion-content-layout-column\"><div class=\"fusion-classic-product-image-wrapper fusion-woo-product-image fusion-post-card-image fusion-post-card-image-1 has-aspect-ratio\" data-layout=\"static\" style=\"--awb-aspect-ratio:16 \/ 9;\"><div  class=\"fusion-image-wrapper\" aria-haspopup=\"true\">\n\t\t\t\t\t\t\t<a href=\"https:\/\/eyeatproduction.com\/en\/firstmeeting\/\" aria-label=\"Eye at Production \u2013 #1 \u00a0Industry 5.0\">\n\t\t\t\t\t\t\t<img decoding=\"async\" width=\"1313\" height=\"876\" src=\"https:\/\/eyeatproduction.com\/wp-content\/uploads\/2025\/03\/Konferenslokal-Halo-networkmark.jpg\" class=\"attachment-full size-full wp-post-image\" alt=\"\" srcset=\"https:\/\/eyeatproduction.com\/wp-content\/uploads\/2025\/03\/Konferenslokal-Halo-networkmark-200x133.jpg 200w, https:\/\/eyeatproduction.com\/wp-content\/uploads\/2025\/03\/Konferenslokal-Halo-networkmark-400x267.jpg 400w, https:\/\/eyeatproduction.com\/wp-content\/uploads\/2025\/03\/Konferenslokal-Halo-networkmark-600x400.jpg 600w, https:\/\/eyeatproduction.com\/wp-content\/uploads\/2025\/03\/Konferenslokal-Halo-networkmark-800x534.jpg 800w, https:\/\/eyeatproduction.com\/wp-content\/uploads\/2025\/03\/Konferenslokal-Halo-networkmark-1200x801.jpg 1200w, https:\/\/eyeatproduction.com\/wp-content\/uploads\/2025\/03\/Konferenslokal-Halo-networkmark.jpg 1313w\" sizes=\"(min-width: 2200px) 100vw, (min-width: 712px) 784px, (min-width: 640px) 712px, \" \/>\t\t\t<\/a>\n\t\t\t\t\t\t\t<\/div>\n<\/div><div class=\"fusion-text fusion-text-4\" style=\"--awb-font-size:36px;--awb-text-font-family:&quot;Switzer semibold&quot;;--awb-text-font-style:normal;--awb-text-font-weight:400;\"><p>Eye at Production \u2013 #1 \u00a0Industry 5.0<\/p>\n<\/div><div class=\"fusion-content-tb fusion-content-tb-3\" style=\"--awb-text-color:var(--awb-color3);--awb-text-transform:none;--awb-text-font-family:&quot;Switzer regular&quot;;--awb-text-font-style:normal;--awb-text-font-weight:400;\"><p>At meeting one, Niclas von Schantz lectured about the employees of the future and a changing market, linked to the industries...<\/p><\/div><\/div><\/li>\n<li class=\"fusion-layout-column fusion_builder_column fusion-builder-column-5 fusion-flex-column post-card fusion-grid-column fusion-post-cards-grid-column\" style=\"--awb-bg-blend:overlay;--awb-bg-size:cover;--awb-flex-grow:0;--awb-flex-shrink:0;--awb-flex-grow-medium:0;--awb-flex-shrink-medium:0;--awb-flex-grow-small:0;--awb-flex-shrink-small:0;\"><div class=\"fusion-column-wrapper fusion-flex-justify-content-flex-start fusion-content-layout-column\"><div class=\"fusion-classic-product-image-wrapper fusion-woo-product-image fusion-post-card-image fusion-post-card-image-1 has-aspect-ratio\" data-layout=\"static\" style=\"--awb-aspect-ratio:16 \/ 9;\"><div  class=\"fusion-image-wrapper\" aria-haspopup=\"true\">\n\t\t\t\t\t\t\t<a href=\"https:\/\/eyeatproduction.com\/en\/save-money-automotive\/\" aria-label=\"Much money to save in the automotive industry\">\n\t\t\t\t\t\t\t<img decoding=\"async\" width=\"773\" height=\"434\" src=\"https:\/\/eyeatproduction.com\/wp-content\/uploads\/2025\/07\/save-money-automotive.png\" class=\"attachment-full size-full wp-post-image\" alt=\"\" srcset=\"https:\/\/eyeatproduction.com\/wp-content\/uploads\/2025\/07\/save-money-automotive-200x112.png 200w, https:\/\/eyeatproduction.com\/wp-content\/uploads\/2025\/07\/save-money-automotive-400x225.png 400w, https:\/\/eyeatproduction.com\/wp-content\/uploads\/2025\/07\/save-money-automotive-600x337.png 600w, https:\/\/eyeatproduction.com\/wp-content\/uploads\/2025\/07\/save-money-automotive.png 773w\" sizes=\"(min-width: 2200px) 100vw, (min-width: 712px) 784px, (min-width: 640px) 712px, \" \/>\t\t\t<\/a>\n\t\t\t\t\t\t\t<\/div>\n<\/div><div class=\"fusion-text fusion-text-5\" style=\"--awb-font-size:36px;--awb-text-font-family:&quot;Switzer semibold&quot;;--awb-text-font-style:normal;--awb-text-font-weight:400;\"><p>Much money to save in the automotive industry<\/p>\n<\/div><div class=\"fusion-content-tb fusion-content-tb-4\" style=\"--awb-text-color:var(--awb-color3);--awb-text-transform:none;--awb-text-font-family:&quot;Switzer regular&quot;;--awb-text-font-style:normal;--awb-text-font-weight:400;\"><p>The automotive industry is one of the most advanced industrial sectors. The high degree of automation enables high...<\/p><\/div><\/div><\/li>\n<li class=\"fusion-layout-column fusion_builder_column fusion-builder-column-6 fusion-flex-column post-card fusion-grid-column fusion-post-cards-grid-column\" style=\"--awb-bg-blend:overlay;--awb-bg-size:cover;--awb-flex-grow:0;--awb-flex-shrink:0;--awb-flex-grow-medium:0;--awb-flex-shrink-medium:0;--awb-flex-grow-small:0;--awb-flex-shrink-small:0;\"><div class=\"fusion-column-wrapper fusion-flex-justify-content-flex-start fusion-content-layout-column\"><div class=\"fusion-classic-product-image-wrapper fusion-woo-product-image fusion-post-card-image fusion-post-card-image-1 has-aspect-ratio\" data-layout=\"static\" style=\"--awb-aspect-ratio:16 \/ 9;\"><div  class=\"fusion-image-wrapper\" aria-haspopup=\"true\">\n\t\t\t\t\t\t\t<a href=\"https:\/\/eyeatproduction.com\/en\/save-money-food\/\" aria-label=\"Efficient food production\">\n\t\t\t\t\t\t\t<img decoding=\"async\" width=\"773\" height=\"434\" src=\"https:\/\/eyeatproduction.com\/wp-content\/uploads\/2025\/07\/save-money-food.png\" class=\"attachment-full size-full wp-post-image\" alt=\"\" srcset=\"https:\/\/eyeatproduction.com\/wp-content\/uploads\/2025\/07\/save-money-food-200x112.png 200w, https:\/\/eyeatproduction.com\/wp-content\/uploads\/2025\/07\/save-money-food-400x225.png 400w, https:\/\/eyeatproduction.com\/wp-content\/uploads\/2025\/07\/save-money-food-600x337.png 600w, https:\/\/eyeatproduction.com\/wp-content\/uploads\/2025\/07\/save-money-food.png 773w\" sizes=\"(min-width: 2200px) 100vw, (min-width: 712px) 784px, (min-width: 640px) 712px, \" \/>\t\t\t<\/a>\n\t\t\t\t\t\t\t<\/div>\n<\/div><div class=\"fusion-text fusion-text-6\" style=\"--awb-font-size:36px;--awb-text-font-family:&quot;Switzer semibold&quot;;--awb-text-font-style:normal;--awb-text-font-weight:400;\"><p>Efficient food production<\/p>\n<\/div><div class=\"fusion-content-tb fusion-content-tb-5\" style=\"--awb-text-color:var(--awb-color3);--awb-text-transform:none;--awb-text-font-family:&quot;Switzer regular&quot;;--awb-text-font-style:normal;--awb-text-font-weight:400;\"><p>Industrial food and beverage production is a highly automated industry that produces a large amount of food...<\/p><\/div><\/div><\/li>\n<\/ul><\/div><\/div><\/div><\/div><\/div><\/p>","protected":false},"excerpt":{"rendered":"","protected":false},"author":4027,"featured_media":0,"parent":0,"menu_order":0,"comment_status":"closed","ping_status":"closed","template":"100-width.php","meta":{"_acf_changed":false,"content-type":"","inline_featured_image":false,"footnotes":""},"class_list":["post-5725","page","type-page","status-publish","hentry"],"acf":[],"yoast_head":"<!-- This site is optimized with the Yoast SEO plugin v27.4 - https:\/\/yoast.com\/product\/yoast-seo-wordpress\/ -->\n<title>Media och nyheter - Eye at Production<\/title>\n<meta name=\"robots\" content=\"index, follow, max-snippet:-1, max-image-preview:large, max-video-preview:-1\" \/>\n<link rel=\"canonical\" href=\"https:\/\/eyeatproduction.com\/en\/news\/\" \/>\n<meta property=\"og:locale\" content=\"en_US\" \/>\n<meta property=\"og:type\" content=\"article\" \/>\n<meta property=\"og:title\" content=\"Media och nyheter - Eye at Production\" \/>\n<meta property=\"og:url\" content=\"https:\/\/eyeatproduction.com\/en\/news\/\" \/>\n<meta property=\"og:site_name\" content=\"Eye at Production\" \/>\n<meta property=\"article:publisher\" content=\"https:\/\/www.facebook.com\/AdonScreen\/\" \/>\n<meta property=\"article:modified_time\" content=\"2025-07-08T11:33:40+00:00\" \/>\n<meta name=\"twitter:card\" content=\"summary_large_image\" \/>\n<meta name=\"twitter:site\" content=\"@AdonScreen\" \/>\n<meta name=\"twitter:label1\" content=\"Est. reading time\" \/>\n\t<meta name=\"twitter:data1\" content=\"1 minute\" \/>\n<script type=\"application\/ld+json\" class=\"yoast-schema-graph\">{\"@context\":\"https:\\\/\\\/schema.org\",\"@graph\":[{\"@type\":\"WebPage\",\"@id\":\"https:\\\/\\\/eyeatproduction.com\\\/news\\\/\",\"url\":\"https:\\\/\\\/eyeatproduction.com\\\/news\\\/\",\"name\":\"Media och nyheter - Eye at Production\",\"isPartOf\":{\"@id\":\"https:\\\/\\\/eyeatproduction.com\\\/#website\"},\"datePublished\":\"2024-04-08T09:52:56+00:00\",\"dateModified\":\"2025-07-08T11:33:40+00:00\",\"breadcrumb\":{\"@id\":\"https:\\\/\\\/eyeatproduction.com\\\/news\\\/#breadcrumb\"},\"inLanguage\":\"en-US\",\"potentialAction\":[{\"@type\":\"ReadAction\",\"target\":[\"https:\\\/\\\/eyeatproduction.com\\\/news\\\/\"]}]},{\"@type\":\"BreadcrumbList\",\"@id\":\"https:\\\/\\\/eyeatproduction.com\\\/news\\\/#breadcrumb\",\"itemListElement\":[{\"@type\":\"ListItem\",\"position\":1,\"name\":\"Hem\",\"item\":\"https:\\\/\\\/eyeatproduction.com\\\/\"},{\"@type\":\"ListItem\",\"position\":2,\"name\":\"Media och nyheter\"}]},{\"@type\":\"WebSite\",\"@id\":\"https:\\\/\\\/eyeatproduction.com\\\/#website\",\"url\":\"https:\\\/\\\/eyeatproduction.com\\\/\",\"name\":\"Eye at Production\",\"description\":\"\",\"potentialAction\":[{\"@type\":\"SearchAction\",\"target\":{\"@type\":\"EntryPoint\",\"urlTemplate\":\"https:\\\/\\\/eyeatproduction.com\\\/?s={search_term_string}\"},\"query-input\":{\"@type\":\"PropertyValueSpecification\",\"valueRequired\":true,\"valueName\":\"search_term_string\"}}],\"inLanguage\":\"en-US\"}]}<\/script>\n<!-- \/ Yoast SEO plugin. -->","yoast_head_json":{"title":"Media och nyheter - Eye at Production","robots":{"index":"index","follow":"follow","max-snippet":"max-snippet:-1","max-image-preview":"max-image-preview:large","max-video-preview":"max-video-preview:-1"},"canonical":"https:\/\/eyeatproduction.com\/en\/news\/","og_locale":"en_US","og_type":"article","og_title":"Media och nyheter - Eye at Production","og_url":"https:\/\/eyeatproduction.com\/en\/news\/","og_site_name":"Eye at Production","article_publisher":"https:\/\/www.facebook.com\/AdonScreen\/","article_modified_time":"2025-07-08T11:33:40+00:00","twitter_card":"summary_large_image","twitter_site":"@AdonScreen","twitter_misc":{"Est. reading time":"1 minute"},"schema":{"@context":"https:\/\/schema.org","@graph":[{"@type":"WebPage","@id":"https:\/\/eyeatproduction.com\/news\/","url":"https:\/\/eyeatproduction.com\/news\/","name":"Media och nyheter - Eye at Production","isPartOf":{"@id":"https:\/\/eyeatproduction.com\/#website"},"datePublished":"2024-04-08T09:52:56+00:00","dateModified":"2025-07-08T11:33:40+00:00","breadcrumb":{"@id":"https:\/\/eyeatproduction.com\/news\/#breadcrumb"},"inLanguage":"en-US","potentialAction":[{"@type":"ReadAction","target":["https:\/\/eyeatproduction.com\/news\/"]}]},{"@type":"BreadcrumbList","@id":"https:\/\/eyeatproduction.com\/news\/#breadcrumb","itemListElement":[{"@type":"ListItem","position":1,"name":"Hem","item":"https:\/\/eyeatproduction.com\/"},{"@type":"ListItem","position":2,"name":"Media och nyheter"}]},{"@type":"WebSite","@id":"https:\/\/eyeatproduction.com\/#website","url":"https:\/\/eyeatproduction.com\/","name":"Eye at Production","description":"","potentialAction":[{"@type":"SearchAction","target":{"@type":"EntryPoint","urlTemplate":"https:\/\/eyeatproduction.com\/?s={search_term_string}"},"query-input":{"@type":"PropertyValueSpecification","valueRequired":true,"valueName":"search_term_string"}}],"inLanguage":"en-US"}]}},"_links":{"self":[{"href":"https:\/\/eyeatproduction.com\/en\/wp-json\/wp\/v2\/pages\/5725","targetHints":{"allow":["GET"]}}],"collection":[{"href":"https:\/\/eyeatproduction.com\/en\/wp-json\/wp\/v2\/pages"}],"about":[{"href":"https:\/\/eyeatproduction.com\/en\/wp-json\/wp\/v2\/types\/page"}],"author":[{"embeddable":true,"href":"https:\/\/eyeatproduction.com\/en\/wp-json\/wp\/v2\/users\/4027"}],"replies":[{"embeddable":true,"href":"https:\/\/eyeatproduction.com\/en\/wp-json\/wp\/v2\/comments?post=5725"}],"version-history":[{"count":19,"href":"https:\/\/eyeatproduction.com\/en\/wp-json\/wp\/v2\/pages\/5725\/revisions"}],"predecessor-version":[{"id":6137,"href":"https:\/\/eyeatproduction.com\/en\/wp-json\/wp\/v2\/pages\/5725\/revisions\/6137"}],"wp:attachment":[{"href":"https:\/\/eyeatproduction.com\/en\/wp-json\/wp\/v2\/media?parent=5725"}],"curies":[{"name":"wp","href":"https:\/\/api.w.org\/{rel}","templated":true}]}}